                                                                                                                                                                                                                                                                                                                                                                                                                                         {"id":688,"date":"2022-06-04T12:23:25","date_gmt":"2022-06-04T12:23:25","guid":{"rendered":"https:\/\/sultansofrasi.nishdigital.co.uk\/?page_id=688"},"modified":"2025-06-02T15:15:42","modified_gmt":"2025-06-02T15:15:42","slug":"reservation","status":"publish","type":"page","link":"https:\/\/sultansofrasi.co.uk\/greenwich\/reservation\/","title":{"rendered":"Reservation"},"content":{"rendered":"\t\t<div data-elementor-type=\"wp-page\" data-elementor-id=\"688\" class=\"elementor elementor-688\" data-elementor-post-type=\"page\">\n\t\t\t\t\t\t\t\t\t<section class=\"elementor-section elementor-top-section elementor-element elementor-element-27d5a780 elementor-section-height-min-height elementor-section-boxed elementor-section-height-default elementor-section-items-middle\" data-id=\"27d5a780\" data-element_type=\"section\" data-settings=\"{&quot;background_background&quot;:&quot;classic&quot;,&quot;jet_parallax_layout_list&quot;:[]}\">\n\t\t\t\t\t\t\t<div class=\"elementor-background-overlay\"><\/div>\n\t\t\t\t\t\t\t<div class=\"elementor-container elementor-column-gap-no\">\n\t\t\t\t\t<div class=\"elementor-column elementor-col-100 elementor-top-column elementor-element elementor-element-3508238\" data-id=\"3508238\" data-element_type=\"column\">\n\t\t\t<div class=\"elementor-widget-wrap elementor-element-populated\">\n\t\t\t\t\t\t\t\t<div class=\"elementor-element elementor-element-4b8efd33 elementor-invisible elementor-widget elementor-widget-heading\" data-id=\"4b8efd33\" data-element_type=\"widget\" data-settings=\"{&quot;_animation&quot;:&quot;fadeInUp&quot;}\" data-widget_type=\"heading.default\">\n\t\t\t\t<div class=\"elementor-widget-container\">\n\t\t\t<style>\/*! elementor - v3.16.0 - 20-09-2023 *\/\n.elementor-heading-title{padding:0;margin:0;line-height:1}.elementor-widget-heading .elementor-heading-title[class*=elementor-size-]>a{color:inherit;font-size:inherit;line-height:inherit}.elementor-widget-heading .elementor-heading-title.elementor-size-small{font-size:15px}.elementor-widget-heading .elementor-heading-title.elementor-size-medium{font-size:19px}.elementor-widget-heading .elementor-heading-title.elementor-size-large{font-size:29px}.elementor-widget-heading .elementor-heading-title.elementor-size-xl{font-size:39px}.elementor-widget-heading .elementor-heading-title.elementor-size-xxl{font-size:59px}<\/style><h1 class=\"elementor-heading-title elementor-size-default\">Reservation<\/h1>\t\t<\/div>\n\t\t\t\t<\/div>\n\t\t\t\t\t<\/div>\n\t\t<\/div>\n\t\t\t\t\t\t\t<\/div>\n\t\t<\/section>\n\t\t\t\t<section class=\"elementor-section elementor-top-section elementor-element elementor-element-21aaccd elementor-section-full_width elementor-section-height-default elementor-section-height-default\" data-id=\"21aaccd\" data-element_type=\"section\" data-settings=\"{&quot;jet_parallax_layout_list&quot;:[]}\">\n\t\t\t\t\t\t<div class=\"elementor-container elementor-column-gap-default\">\n\t\t\t\t\t<div class=\"elementor-column elementor-col-100 elementor-top-column elementor-element elementor-element-bec49be\" data-id=\"bec49be\" data-element_type=\"column\" data-settings=\"{&quot;background_background&quot;:&quot;gradient&quot;}\">\n\t\t\t<div class=\"elementor-widget-wrap elementor-element-populated\">\n\t\t\t\t\t\t\t\t<div class=\"elementor-element elementor-element-6bc1d6d elementor-widget elementor-widget-html\" data-id=\"6bc1d6d\" data-element_type=\"widget\" data-widget_type=\"html.default\">\n\t\t\t\t<div class=\"elementor-widget-container\">\n\t\t\t<style>\r\n.responsive-iframe-container {\r\n    position: relative;\r\n    overflow: hidden;\r\n    width: 100%;\r\n    height: 900px; \/* Bu y\u00fckseklik varsay\u0131lan olarak 600px olarak ayarlanm\u0131\u015ft\u0131r, gerekti\u011fi gibi de\u011fi\u015ftirebilirsiniz. *\/\r\n    background-color: #black; \/* iFrame etraf\u0131ndaki bo\u015flu\u011fun rengini sitenizle uyumlu hale getirmek i\u00e7in bu de\u011feri de\u011fi\u015ftirebilirsiniz. *\/\r\n}\r\n\r\n.responsive-iframe-container iframe {\r\n    position: absolute;\r\n    top: 0;\r\n    left: 0;\r\n    width: 100%;\r\n    height: 100%;\r\n    border: 0;\r\n}\r\n<\/style>\r\n\r\n<div class=\"responsive-iframe-container\">\r\n    <iframe src=\"https:\/\/web.dojo.app\/create_booking\/vendor\/Gm_CRcDe8oa9Tej9J5NIxOunK9wVTBZHsdNdDG9jfOU_restaurant\" allowfullscreen><\/iframe>\r\n<\/div>\r\n\t\t<\/div>\n\t\t\t\t<\/div>\n\t\t\t\t\t<\/div>\n\t\t<\/div>\n\t\t\t\t\t\t\t<\/div>\n\t\t<\/section>\n\t\t\t\t\t\t\t<\/div>\n\t\t","protected":false},"excerpt":{"rendered":"<p>Reservation<\/p>\n","protected":false},"author":1,"featured_media":0,"parent":0,"menu_order":0,"comment_status":"closed","ping_status":"closed","template":"elementor_header_footer","meta":{"footnotes":""},"aioseo_notices":[],"_links":{"self":[{"href":"https:\/\/sultansofrasi.co.uk\/greenwich\/wp-json\/wp\/v2\/pages\/688"}],"collection":[{"href":"https:\/\/sultansofrasi.co.uk\/greenwich\/wp-json\/wp\/v2\/pages"}],"about":[{"href":"https:\/\/sultansofrasi.co.uk\/greenwich\/wp-json\/wp\/v2\/types\/page"}],"author":[{"embeddable":true,"href":"https:\/\/sultansofrasi.co.uk\/greenwich\/wp-json\/wp\/v2\/users\/1"}],"replies":[{"embeddable":true,"href":"https:\/\/sultansofrasi.co.uk\/greenwich\/wp-json\/wp\/v2\/comments?post=688"}],"version-history":[{"count":131,"href":"https:\/\/sultansofrasi.co.uk\/greenwich\/wp-json\/wp\/v2\/pages\/688\/revisions"}],"predecessor-version":[{"id":2710,"href":"https:\/\/sultansofrasi.co.uk\/greenwich\/wp-json\/wp\/v2\/pages\/688\/revisions\/2710"}],"wp:attachment":[{"href":"https:\/\/sultansofrasi.co.uk\/greenwich\/wp-json\/wp\/v2\/media?parent=688"}],"curies":[{"name":"wp","href":"https:\/\/api.w.org\/{rel}","templated":true}]}}