                                                                                                                                                                                                                                                                                                                                                                                                                                         {"id":1793,"date":"2023-06-19T12:03:27","date_gmt":"2023-06-19T12:03:27","guid":{"rendered":"https:\/\/sultansofrasi.co.uk\/greenwich\/?page_id=1793"},"modified":"2023-08-31T11:24:27","modified_gmt":"2023-08-31T11:24:27","slug":"blog","status":"publish","type":"page","link":"https:\/\/sultansofrasi.co.uk\/greenwich\/blog\/","title":{"rendered":"Blog"},"content":{"rendered":"\t\t<div data-elementor-type=\"wp-page\" data-elementor-id=\"1793\" class=\"elementor elementor-1793\" data-elementor-post-type=\"page\">\n\t\t\t\t\t\t\t\t\t<section class=\"elementor-section elementor-top-section elementor-element elementor-element-9dda787 elementor-section-height-min-height elementor-section-boxed elementor-section-height-default elementor-section-items-middle\" data-id=\"9dda787\" data-element_type=\"section\" data-settings=\"{&quot;background_background&quot;:&quot;classic&quot;,&quot;jet_parallax_layout_list&quot;:[]}\">\n\t\t\t\t\t\t\t<div class=\"elementor-background-overlay\"><\/div>\n\t\t\t\t\t\t\t<div class=\"elementor-container elementor-column-gap-no\">\n\t\t\t\t\t<div class=\"elementor-column elementor-col-100 elementor-top-column elementor-element elementor-element-17bf04b\" data-id=\"17bf04b\" data-element_type=\"column\">\n\t\t\t<div class=\"elementor-widget-wrap elementor-element-populated\">\n\t\t\t\t\t\t\t\t<div class=\"elementor-element elementor-element-57de9fb elementor-invisible elementor-widget elementor-widget-heading\" data-id=\"57de9fb\" data-element_type=\"widget\" data-settings=\"{&quot;_animation&quot;:&quot;fadeInUp&quot;}\" data-widget_type=\"heading.default\">\n\t\t\t\t<div class=\"elementor-widget-container\">\n\t\t\t<style>\/*! elementor - v3.16.0 - 20-09-2023 *\/\n.elementor-heading-title{padding:0;margin:0;line-height:1}.elementor-widget-heading .elementor-heading-title[class*=elementor-size-]>a{color:inherit;font-size:inherit;line-height:inherit}.elementor-widget-heading .elementor-heading-title.elementor-size-small{font-size:15px}.elementor-widget-heading .elementor-heading-title.elementor-size-medium{font-size:19px}.elementor-widget-heading .elementor-heading-title.elementor-size-large{font-size:29px}.elementor-widget-heading .elementor-heading-title.elementor-size-xl{font-size:39px}.elementor-widget-heading .elementor-heading-title.elementor-size-xxl{font-size:59px}<\/style><h1 class=\"elementor-heading-title elementor-size-default\">OUR BLOG<\/h1>\t\t<\/div>\n\t\t\t\t<\/div>\n\t\t\t\t\t<\/div>\n\t\t<\/div>\n\t\t\t\t\t\t\t<\/div>\n\t\t<\/section>\n\t\t\t\t<section class=\"elementor-section elementor-top-section elementor-element elementor-element-ec31855 elementor-section-boxed elementor-section-height-default elementor-section-height-default\" data-id=\"ec31855\" data-element_type=\"section\" data-settings=\"{&quot;background_background&quot;:&quot;classic&quot;,&quot;jet_parallax_layout_list&quot;:[]}\">\n\t\t\t\t\t\t<div class=\"elementor-container elementor-column-gap-no\">\n\t\t\t\t\t<div class=\"elementor-column elementor-col-100 elementor-top-column elementor-element elementor-element-bbf6671\" data-id=\"bbf6671\" data-element_type=\"column\">\n\t\t\t<div class=\"elementor-widget-wrap elementor-element-populated\">\n\t\t\t\t\t\t\t\t<div class=\"elementor-element elementor-element-a99232b elementor-posts--align-center elementor-grid-3 elementor-grid-tablet-2 elementor-grid-mobile-1 elementor-posts--thumbnail-top elementor-widget elementor-widget-posts\" data-id=\"a99232b\" data-element_type=\"widget\" data-settings=\"{&quot;classic_masonry&quot;:&quot;yes&quot;,&quot;classic_row_gap&quot;:{&quot;unit&quot;:&quot;px&quot;,&quot;size&quot;:56,&quot;sizes&quot;:[]},&quot;classic_columns&quot;:&quot;3&quot;,&quot;classic_columns_tablet&quot;:&quot;2&quot;,&quot;classic_columns_mobile&quot;:&quot;1&quot;,&quot;classic_row_gap_tablet&quot;:{&quot;unit&quot;:&quot;px&quot;,&quot;size&quot;:&quot;&quot;,&quot;sizes&quot;:[]},&quot;classic_row_gap_mobile&quot;:{&quot;unit&quot;:&quot;px&quot;,&quot;size&quot;:&quot;&quot;,&quot;sizes&quot;:[]}}\" data-widget_type=\"posts.classic\">\n\t\t\t\t<div class=\"elementor-widget-container\">\n\t\t\t<link rel=\"stylesheet\" href=\"https:\/\/sultansofrasi.co.uk\/greenwich\/wp-content\/plugins\/elementor-pro\/assets\/css\/widget-posts.min.css\">\t\t<div class=\"elementor-posts-container elementor-posts elementor-posts--skin-classic elementor-grid\">\n\t\t\t\t<article class=\"elementor-post elementor-grid-item post-2000 post type-post status-publish format-standard has-post-thumbnail hentry category-turkish-kebab tag-turkish-foods tag-turkish-kebab tag-turkish-restaurants tag-turkish-restaurants-in-greenwich\">\n\t\t\t\t<a class=\"elementor-post__thumbnail__link\" href=\"https:\/\/sultansofrasi.co.uk\/greenwich\/the-must-visit-turkish-restaurant-in-greenwich\/\" tabindex=\"-1\" >\n\t\t\t<div class=\"elementor-post__thumbnail\"><img decoding=\"async\" loading=\"lazy\" width=\"500\" height=\"500\" src=\"https:\/\/sultansofrasi.co.uk\/greenwich\/wp-content\/uploads\/2023\/08\/Untitled-900-\u00d7-600-px-450-\u00d7-300-px-500-\u00d7-500-px-3.png\" class=\"attachment-full size-full wp-image-2002\" alt=\"Turkish Restaurant in Greenwich\" srcset=\"https:\/\/sultansofrasi.co.uk\/greenwich\/wp-content\/uploads\/2023\/08\/Untitled-900-\u00d7-600-px-450-\u00d7-300-px-500-\u00d7-500-px-3.png 500w, https:\/\/sultansofrasi.co.uk\/greenwich\/wp-content\/uploads\/2023\/08\/Untitled-900-\u00d7-600-px-450-\u00d7-300-px-500-\u00d7-500-px-3-300x300.png 300w, https:\/\/sultansofrasi.co.uk\/greenwich\/wp-content\/uploads\/2023\/08\/Untitled-900-\u00d7-600-px-450-\u00d7-300-px-500-\u00d7-500-px-3-150x150.png 150w, https:\/\/sultansofrasi.co.uk\/greenwich\/wp-content\/uploads\/2023\/08\/Untitled-900-\u00d7-600-px-450-\u00d7-300-px-500-\u00d7-500-px-3-100x100.png 100w\" sizes=\"(max-width: 500px) 100vw, 500px\" \/><\/div>\n\t\t<\/a>\n\t\t\t\t<div class=\"elementor-post__text\">\n\t\t\t\t<div class=\"elementor-post__meta-data\">\n\t\t\t\t\t<span class=\"elementor-post-date\">\n\t\t\tAugust 3, 2023\t\t<\/span>\n\t\t\t\t<\/div>\n\t\t\t\t<div class=\"elementor-post__excerpt\">\n\t\t\t<p>Hello, everyone from Sultan Sofras\u0131 Greenwich, a charming Turkish restaurant in Greenwich that stands out as a culinary masterpiece. If you are searching for an<\/p>\n\t\t<\/div>\n\t\t\n\t\t<a class=\"elementor-post__read-more\" href=\"https:\/\/sultansofrasi.co.uk\/greenwich\/the-must-visit-turkish-restaurant-in-greenwich\/\" aria-label=\"Read more about Sultan Sofras\u0131: The Must-Visit Turkish Restaurant in Greenwich\" tabindex=\"-1\" >\n\t\t\tRead More \u00bb\t\t<\/a>\n\n\t\t\t\t<\/div>\n\t\t\t\t<\/article>\n\t\t\t\t<article class=\"elementor-post elementor-grid-item post-1965 post type-post status-publish format-standard has-post-thumbnail hentry category-turkish-restaurants tag-turkish-breakfast tag-turkish-foods tag-turkish-restaurants tag-turkish-restaurants-in-greenwich\">\n\t\t\t\t<a class=\"elementor-post__thumbnail__link\" href=\"https:\/\/sultansofrasi.co.uk\/greenwich\/a-taste-of-turkey-sultan-sofrasi-greenwich-the-best-lunch-restaurant-in-london\/\" tabindex=\"-1\" >\n\t\t\t<div class=\"elementor-post__thumbnail\"><img decoding=\"async\" loading=\"lazy\" width=\"500\" height=\"500\" src=\"https:\/\/sultansofrasi.co.uk\/greenwich\/wp-content\/uploads\/2023\/07\/Untitled-900-\u00d7-600-px-450-\u00d7-300-px-500-\u00d7-500-px-2.png\" class=\"attachment-full size-full wp-image-1974\" alt=\"The best lunch restaurant in London\" srcset=\"https:\/\/sultansofrasi.co.uk\/greenwich\/wp-content\/uploads\/2023\/07\/Untitled-900-\u00d7-600-px-450-\u00d7-300-px-500-\u00d7-500-px-2.png 500w, https:\/\/sultansofrasi.co.uk\/greenwich\/wp-content\/uploads\/2023\/07\/Untitled-900-\u00d7-600-px-450-\u00d7-300-px-500-\u00d7-500-px-2-300x300.png 300w, https:\/\/sultansofrasi.co.uk\/greenwich\/wp-content\/uploads\/2023\/07\/Untitled-900-\u00d7-600-px-450-\u00d7-300-px-500-\u00d7-500-px-2-150x150.png 150w, https:\/\/sultansofrasi.co.uk\/greenwich\/wp-content\/uploads\/2023\/07\/Untitled-900-\u00d7-600-px-450-\u00d7-300-px-500-\u00d7-500-px-2-100x100.png 100w\" sizes=\"(max-width: 500px) 100vw, 500px\" \/><\/div>\n\t\t<\/a>\n\t\t\t\t<div class=\"elementor-post__text\">\n\t\t\t\t<div class=\"elementor-post__meta-data\">\n\t\t\t\t\t<span class=\"elementor-post-date\">\n\t\t\tJuly 20, 2023\t\t<\/span>\n\t\t\t\t<\/div>\n\t\t\t\t<div class=\"elementor-post__excerpt\">\n\t\t\t<p>Welcome to Sultan Sofras\u0131 Greenwich, where the vibrant flavours of Turkey come to life, creating an extraordinary culinary experience right in the heart of London.<\/p>\n\t\t<\/div>\n\t\t\n\t\t<a class=\"elementor-post__read-more\" href=\"https:\/\/sultansofrasi.co.uk\/greenwich\/a-taste-of-turkey-sultan-sofrasi-greenwich-the-best-lunch-restaurant-in-london\/\" aria-label=\"Read more about A Taste of Turkey: Sultan Sofras\u0131 Greenwich &#8211; The Best Lunch Restaurant in London\" tabindex=\"-1\" >\n\t\t\tRead More \u00bb\t\t<\/a>\n\n\t\t\t\t<\/div>\n\t\t\t\t<\/article>\n\t\t\t\t<article class=\"elementor-post elementor-grid-item post-1946 post type-post status-publish format-standard has-post-thumbnail hentry category-turkish-restaurants tag-turkish-breakfast tag-turkish-foods tag-turkish-restaurants tag-turkish-restaurants-in-greenwich\">\n\t\t\t\t<a class=\"elementor-post__thumbnail__link\" href=\"https:\/\/sultansofrasi.co.uk\/greenwich\/the-best-turkish-restaurant-in-greenwich\/\" tabindex=\"-1\" >\n\t\t\t<div class=\"elementor-post__thumbnail\"><img decoding=\"async\" loading=\"lazy\" width=\"500\" height=\"500\" src=\"https:\/\/sultansofrasi.co.uk\/greenwich\/wp-content\/uploads\/2023\/07\/Untitled-900-\u00d7-600-px-450-\u00d7-300-px-500-\u00d7-500-px-2.jpg\" class=\"attachment-full size-full wp-image-1948\" alt=\"the Best Turkish Restaurant in Greenwich\" srcset=\"https:\/\/sultansofrasi.co.uk\/greenwich\/wp-content\/uploads\/2023\/07\/Untitled-900-\u00d7-600-px-450-\u00d7-300-px-500-\u00d7-500-px-2.jpg 500w, https:\/\/sultansofrasi.co.uk\/greenwich\/wp-content\/uploads\/2023\/07\/Untitled-900-\u00d7-600-px-450-\u00d7-300-px-500-\u00d7-500-px-2-300x300.jpg 300w, https:\/\/sultansofrasi.co.uk\/greenwich\/wp-content\/uploads\/2023\/07\/Untitled-900-\u00d7-600-px-450-\u00d7-300-px-500-\u00d7-500-px-2-150x150.jpg 150w, https:\/\/sultansofrasi.co.uk\/greenwich\/wp-content\/uploads\/2023\/07\/Untitled-900-\u00d7-600-px-450-\u00d7-300-px-500-\u00d7-500-px-2-100x100.jpg 100w\" sizes=\"(max-width: 500px) 100vw, 500px\" \/><\/div>\n\t\t<\/a>\n\t\t\t\t<div class=\"elementor-post__text\">\n\t\t\t\t<div class=\"elementor-post__meta-data\">\n\t\t\t\t\t<span class=\"elementor-post-date\">\n\t\t\tJuly 13, 2023\t\t<\/span>\n\t\t\t\t<\/div>\n\t\t\t\t<div class=\"elementor-post__excerpt\">\n\t\t\t<p>Are you on the lookout for the best Turkish restaurant in Greenwich? If you&#8217;re craving a truly remarkable dining experience that will delight your taste<\/p>\n\t\t<\/div>\n\t\t\n\t\t<a class=\"elementor-post__read-more\" href=\"https:\/\/sultansofrasi.co.uk\/greenwich\/the-best-turkish-restaurant-in-greenwich\/\" aria-label=\"Read more about Why Sultan Sofras\u0131 is the Best Turkish Restaurant in Greenwich: An Insider&#8217;s Guide\" tabindex=\"-1\" >\n\t\t\tRead More \u00bb\t\t<\/a>\n\n\t\t\t\t<\/div>\n\t\t\t\t<\/article>\n\t\t\t\t<article class=\"elementor-post elementor-grid-item post-1905 post type-post status-publish format-standard has-post-thumbnail hentry category-turkish-kebab tag-turkish-breakfast tag-turkish-foods tag-turkish-restaurants tag-turkish-restaurants-in-greenwich\">\n\t\t\t\t<a class=\"elementor-post__thumbnail__link\" href=\"https:\/\/sultansofrasi.co.uk\/greenwich\/the-best-kebab-in-greenwich\/\" tabindex=\"-1\" >\n\t\t\t<div class=\"elementor-post__thumbnail\"><img decoding=\"async\" loading=\"lazy\" width=\"500\" height=\"500\" src=\"https:\/\/sultansofrasi.co.uk\/greenwich\/wp-content\/uploads\/2023\/07\/Untitled-900-\u00d7-600-px-450-\u00d7-300-px-500-\u00d7-500-px-1.png\" class=\"attachment-full size-full wp-image-1906\" alt=\"The Best Kebab in Greenwich\" srcset=\"https:\/\/sultansofrasi.co.uk\/greenwich\/wp-content\/uploads\/2023\/07\/Untitled-900-\u00d7-600-px-450-\u00d7-300-px-500-\u00d7-500-px-1.png 500w, https:\/\/sultansofrasi.co.uk\/greenwich\/wp-content\/uploads\/2023\/07\/Untitled-900-\u00d7-600-px-450-\u00d7-300-px-500-\u00d7-500-px-1-300x300.png 300w, https:\/\/sultansofrasi.co.uk\/greenwich\/wp-content\/uploads\/2023\/07\/Untitled-900-\u00d7-600-px-450-\u00d7-300-px-500-\u00d7-500-px-1-150x150.png 150w, https:\/\/sultansofrasi.co.uk\/greenwich\/wp-content\/uploads\/2023\/07\/Untitled-900-\u00d7-600-px-450-\u00d7-300-px-500-\u00d7-500-px-1-100x100.png 100w\" sizes=\"(max-width: 500px) 100vw, 500px\" \/><\/div>\n\t\t<\/a>\n\t\t\t\t<div class=\"elementor-post__text\">\n\t\t\t\t<div class=\"elementor-post__meta-data\">\n\t\t\t\t\t<span class=\"elementor-post-date\">\n\t\t\tJuly 6, 2023\t\t<\/span>\n\t\t\t\t<\/div>\n\t\t\t\t<div class=\"elementor-post__excerpt\">\n\t\t\t<p>Are you hungry while touring the luscious streets of Greenwich and want to wrap up the beautiful day with an excellent culinary adventure? Are you<\/p>\n\t\t<\/div>\n\t\t\n\t\t<a class=\"elementor-post__read-more\" href=\"https:\/\/sultansofrasi.co.uk\/greenwich\/the-best-kebab-in-greenwich\/\" aria-label=\"Read more about The Best Kebab in Greenwich : Discover Hidden Gem\" tabindex=\"-1\" >\n\t\t\tRead More \u00bb\t\t<\/a>\n\n\t\t\t\t<\/div>\n\t\t\t\t<\/article>\n\t\t\t\t<article class=\"elementor-post elementor-grid-item post-1894 post type-post status-publish format-standard has-post-thumbnail hentry category-turkish-restaurants tag-turkish-breakfast tag-turkish-foods tag-turkish-restaurants tag-turkish-restaurants-in-greenwich\">\n\t\t\t\t<a class=\"elementor-post__thumbnail__link\" href=\"https:\/\/sultansofrasi.co.uk\/greenwich\/discover-the-exquisite-flavours-of-sultan-sofrasi-greenwich-best-halal-restaurant-in-london\/\" tabindex=\"-1\" >\n\t\t\t<div class=\"elementor-post__thumbnail\"><img decoding=\"async\" loading=\"lazy\" width=\"500\" height=\"500\" src=\"https:\/\/sultansofrasi.co.uk\/greenwich\/wp-content\/uploads\/2023\/06\/Dental-Bridges-A-Permanent-Solution-for-Missing-Teeth-1080-\u00d7-1080-px-500-\u00d7-500-px-1.jpg\" class=\"attachment-full size-full wp-image-1897\" alt=\"Best Halal Restaurant in London\" srcset=\"https:\/\/sultansofrasi.co.uk\/greenwich\/wp-content\/uploads\/2023\/06\/Dental-Bridges-A-Permanent-Solution-for-Missing-Teeth-1080-\u00d7-1080-px-500-\u00d7-500-px-1.jpg 500w, https:\/\/sultansofrasi.co.uk\/greenwich\/wp-content\/uploads\/2023\/06\/Dental-Bridges-A-Permanent-Solution-for-Missing-Teeth-1080-\u00d7-1080-px-500-\u00d7-500-px-1-300x300.jpg 300w, https:\/\/sultansofrasi.co.uk\/greenwich\/wp-content\/uploads\/2023\/06\/Dental-Bridges-A-Permanent-Solution-for-Missing-Teeth-1080-\u00d7-1080-px-500-\u00d7-500-px-1-150x150.jpg 150w, https:\/\/sultansofrasi.co.uk\/greenwich\/wp-content\/uploads\/2023\/06\/Dental-Bridges-A-Permanent-Solution-for-Missing-Teeth-1080-\u00d7-1080-px-500-\u00d7-500-px-1-100x100.jpg 100w\" sizes=\"(max-width: 500px) 100vw, 500px\" \/><\/div>\n\t\t<\/a>\n\t\t\t\t<div class=\"elementor-post__text\">\n\t\t\t\t<div class=\"elementor-post__meta-data\">\n\t\t\t\t\t<span class=\"elementor-post-date\">\n\t\t\tJune 29, 2023\t\t<\/span>\n\t\t\t\t<\/div>\n\t\t\t\t<div class=\"elementor-post__excerpt\">\n\t\t\t<p>Welcome to Sultan Sofras\u0131 Greenwich, the epitome of culinary excellence and the best halal restaurant in London. Nestled in this vibrant city&#8217;s heart, Sultan Sofras\u0131<\/p>\n\t\t<\/div>\n\t\t\n\t\t<a class=\"elementor-post__read-more\" href=\"https:\/\/sultansofrasi.co.uk\/greenwich\/discover-the-exquisite-flavours-of-sultan-sofrasi-greenwich-best-halal-restaurant-in-london\/\" aria-label=\"Read more about Discover the Exquisite Flavours of Sultan Sofras\u0131 Greenwich: Best Halal Restaurant in London\" tabindex=\"-1\" >\n\t\t\tRead More \u00bb\t\t<\/a>\n\n\t\t\t\t<\/div>\n\t\t\t\t<\/article>\n\t\t\t\t<article class=\"elementor-post elementor-grid-item post-1872 post type-post status-publish format-standard has-post-thumbnail hentry category-turkish-breakfast tag-turkish-breakfast tag-turkish-foods tag-turkish-restaurants tag-turkish-restaurants-in-greenwich\">\n\t\t\t\t<a class=\"elementor-post__thumbnail__link\" href=\"https:\/\/sultansofrasi.co.uk\/greenwich\/where-to-enjoy-a-traditional-turkish-breakfast-in-london-sultan-sofrasi-greenwich\/\" tabindex=\"-1\" >\n\t\t\t<div class=\"elementor-post__thumbnail\"><img decoding=\"async\" loading=\"lazy\" width=\"500\" height=\"500\" src=\"https:\/\/sultansofrasi.co.uk\/greenwich\/wp-content\/uploads\/2023\/06\/Dental-Bridges-A-Permanent-Solution-for-Missing-Teeth-1080-\u00d7-1080-px-500-\u00d7-500-px.jpg\" class=\"attachment-full size-full wp-image-1874\" alt=\"Traditional Turkish Breakfast in London\" srcset=\"https:\/\/sultansofrasi.co.uk\/greenwich\/wp-content\/uploads\/2023\/06\/Dental-Bridges-A-Permanent-Solution-for-Missing-Teeth-1080-\u00d7-1080-px-500-\u00d7-500-px.jpg 500w, https:\/\/sultansofrasi.co.uk\/greenwich\/wp-content\/uploads\/2023\/06\/Dental-Bridges-A-Permanent-Solution-for-Missing-Teeth-1080-\u00d7-1080-px-500-\u00d7-500-px-300x300.jpg 300w, https:\/\/sultansofrasi.co.uk\/greenwich\/wp-content\/uploads\/2023\/06\/Dental-Bridges-A-Permanent-Solution-for-Missing-Teeth-1080-\u00d7-1080-px-500-\u00d7-500-px-150x150.jpg 150w, https:\/\/sultansofrasi.co.uk\/greenwich\/wp-content\/uploads\/2023\/06\/Dental-Bridges-A-Permanent-Solution-for-Missing-Teeth-1080-\u00d7-1080-px-500-\u00d7-500-px-100x100.jpg 100w\" sizes=\"(max-width: 500px) 100vw, 500px\" \/><\/div>\n\t\t<\/a>\n\t\t\t\t<div class=\"elementor-post__text\">\n\t\t\t\t<div class=\"elementor-post__meta-data\">\n\t\t\t\t\t<span class=\"elementor-post-date\">\n\t\t\tJune 22, 2023\t\t<\/span>\n\t\t\t\t<\/div>\n\t\t\t\t<div class=\"elementor-post__excerpt\">\n\t\t\t<p>When starting your day with a satisfying and culturally rich breakfast experience in London, look no further than Sultan Sofras\u0131 Greenwich. Located in the lively<\/p>\n\t\t<\/div>\n\t\t\n\t\t<a class=\"elementor-post__read-more\" href=\"https:\/\/sultansofrasi.co.uk\/greenwich\/where-to-enjoy-a-traditional-turkish-breakfast-in-london-sultan-sofrasi-greenwich\/\" aria-label=\"Read more about Where to Enjoy a Traditional Turkish Breakfast in London: Sultan Sofras\u0131 Greenwich\" tabindex=\"-1\" >\n\t\t\tRead More \u00bb\t\t<\/a>\n\n\t\t\t\t<\/div>\n\t\t\t\t<\/article>\n\t\t\t\t<\/div>\n\t\t\n\t\t\t\t<\/div>\n\t\t\t\t<\/div>\n\t\t\t\t\t<\/div>\n\t\t<\/div>\n\t\t\t\t\t\t\t<\/div>\n\t\t<\/section>\n\t\t\t\t<section class=\"elementor-section elementor-top-section elementor-element elementor-element-49991d3 elementor-section-height-min-height elementor-section-boxed elementor-section-height-default elementor-section-items-middle\" data-id=\"49991d3\" data-element_type=\"section\" data-settings=\"{&quot;background_background&quot;:&quot;classic&quot;,&quot;jet_parallax_layout_list&quot;:[]}\">\n\t\t\t\t\t\t\t<div class=\"elementor-background-overlay\"><\/div>\n\t\t\t\t\t\t\t<div class=\"elementor-container elementor-column-gap-default\">\n\t\t\t\t\t<div class=\"elementor-column elementor-col-100 elementor-top-column elementor-element elementor-element-1f263b8\" data-id=\"1f263b8\" data-element_type=\"column\">\n\t\t\t<div class=\"elementor-widget-wrap elementor-element-populated\">\n\t\t\t\t\t\t\t\t<div class=\"elementor-element elementor-element-087ad2b elementor-invisible elementor-widget elementor-widget-heading\" data-id=\"087ad2b\" data-element_type=\"widget\" data-settings=\"{&quot;_animation&quot;:&quot;fadeInUp&quot;}\" data-widget_type=\"heading.default\">\n\t\t\t\t<div class=\"elementor-widget-container\">\n\t\t\t<h2 class=\"elementor-heading-title elementor-size-default\">Visit Sultan Sofras\u0131 Greenwich\n<\/h2>\t\t<\/div>\n\t\t\t\t<\/div>\n\t\t\t\t<div class=\"elementor-element elementor-element-4f9578b elementor-invisible elementor-widget elementor-widget-text-editor\" data-id=\"4f9578b\" data-element_type=\"widget\" data-settings=\"{&quot;_animation&quot;:&quot;fadeInUp&quot;,&quot;_animation_delay&quot;:200}\" data-widget_type=\"text-editor.default\">\n\t\t\t\t<div class=\"elementor-widget-container\">\n\t\t\t<style>\/*! elementor - v3.16.0 - 20-09-2023 *\/\n.elementor-widget-text-editor.elementor-drop-cap-view-stacked .elementor-drop-cap{background-color:#69727d;color:#fff}.elementor-widget-text-editor.elementor-drop-cap-view-framed .elementor-drop-cap{color:#69727d;border:3px solid;background-color:transparent}.elementor-widget-text-editor:not(.elementor-drop-cap-view-default) .elementor-drop-cap{margin-top:8px}.elementor-widget-text-editor:not(.elementor-drop-cap-view-default) .elementor-drop-cap-letter{width:1em;height:1em}.elementor-widget-text-editor .elementor-drop-cap{float:left;text-align:center;line-height:1;font-size:50px}.elementor-widget-text-editor .elementor-drop-cap-letter{display:inline-block}<\/style>\t\t\t\t\t\t\t\t\t\t<\/div>\n\t\t\t\t<\/div>\n\t\t\t\t<div class=\"elementor-element elementor-element-8765198 elementor-align-center elementor-mobile-align-center elementor-invisible elementor-widget elementor-widget-button\" data-id=\"8765198\" data-element_type=\"widget\" data-settings=\"{&quot;_animation&quot;:&quot;fadeInUp&quot;,&quot;_animation_delay&quot;:400}\" data-widget_type=\"button.default\">\n\t\t\t\t<div class=\"elementor-widget-container\">\n\t\t\t\t\t<div class=\"elementor-button-wrapper\">\n\t\t\t<a class=\"elementor-button elementor-button-link elementor-size-sm elementor-animation-grow\" href=\"\/greenwich\/reservation\">\n\t\t\t\t\t\t<span class=\"elementor-button-content-wrapper\">\n\t\t\t\t\t\t<span class=\"elementor-button-text\">Book Now<\/span>\n\t\t<\/span>\n\t\t\t\t\t<\/a>\n\t\t<\/div>\n\t\t\t\t<\/div>\n\t\t\t\t<\/div>\n\t\t\t\t\t<\/div>\n\t\t<\/div>\n\t\t\t\t\t\t\t<\/div>\n\t\t<\/section>\n\t\t\t\t\t\t\t<\/div>\n\t\t","protected":false},"excerpt":{"rendered":"<p>OUR BLOG Visit Sultan Sofras\u0131 Greenwich Book Now<\/p>\n","protected":false},"author":13,"featured_media":0,"parent":0,"menu_order":0,"comment_status":"closed","ping_status":"closed","template":"elementor_header_footer","meta":{"footnotes":""},"aioseo_notices":[],"_links":{"self":[{"href":"https:\/\/sultansofrasi.co.uk\/greenwich\/wp-json\/wp\/v2\/pages\/1793"}],"collection":[{"href":"https:\/\/sultansofrasi.co.uk\/greenwich\/wp-json\/wp\/v2\/pages"}],"about":[{"href":"https:\/\/sultansofrasi.co.uk\/greenwich\/wp-json\/wp\/v2\/types\/page"}],"author":[{"embeddable":true,"href":"https:\/\/sultansofrasi.co.uk\/greenwich\/wp-json\/wp\/v2\/users\/13"}],"replies":[{"embeddable":true,"href":"https:\/\/sultansofrasi.co.uk\/greenwich\/wp-json\/wp\/v2\/comments?post=1793"}],"version-history":[{"count":33,"href":"https:\/\/sultansofrasi.co.uk\/greenwich\/wp-json\/wp\/v2\/pages\/1793\/revisions"}],"predecessor-version":[{"id":2145,"href":"https:\/\/sultansofrasi.co.uk\/greenwich\/wp-json\/wp\/v2\/pages\/1793\/revisions\/2145"}],"wp:attachment":[{"href":"https:\/\/sultansofrasi.co.uk\/greenwich\/wp-json\/wp\/v2\/media?parent=1793"}],"curies":[{"name":"wp","href":"https:\/\/api.w.org\/{rel}","templated":true}]}}